{"id":4940,"date":"2022-12-13T15:46:20","date_gmt":"2022-12-13T15:46:20","guid":{"rendered":"https:\/\/workout-events.com\/rechtlicher-hinweis\/"},"modified":"2025-11-12T16:02:21","modified_gmt":"2025-11-12T16:02:21","slug":"rechtlicher-hinweis","status":"publish","type":"page","link":"https:\/\/workout-events.com\/de\/rechtlicher-hinweis\/","title":{"rendered":"Rechtlicher Hinweis"},"content":{"rendered":"\n<p>In \u00dcbereinstimmung mit dem Gesetz 34\/2002 vom 11. Juli 2002 \u00fcber die Dienstleistungen der Informationsgesellschaft und den elektronischen Handel (LSSI-CE) teilt <strong>WORKOUT EVENTS, S.L.<\/strong> mit, dass sie Eigent\u00fcmerin der Website <a rel=\"noreferrer noopener\" href=\"https:\/\/workout-events.com\/de\/\" data-type=\"URL\" data-id=\"https:\/\/workout-events.com\/de\/\" target=\"_blank\">workout-events.com<\/a> ist.<\/p>\n\n<p>In \u00dcbereinstimmung mit den Anforderungen des Artikels 10 des oben genannten Gesetzes informiert <strong>WORKOUT EVENTS, S.L.<\/strong> \u00fcber die folgenden Daten:<\/p>\n\n<p>Diese Allgemeinen Gesch\u00e4ftsbedingungen werden geschlossen zwischen (die Person oder Organisation) und  <strong>WORKOUT EVENTS, S.L<\/strong>  von  <a rel=\"noreferrer noopener\" href=\"https:\/\/workout-events.com\/de\/\" data-type=\"URL\" data-id=\"https:\/\/workout-events.com\/de\/\" target=\"_blank\">workout-events.com<\/a>  (&#8222;Die Website&#8220;) und befassen sich mit kommerziellen und einzigartigen Erw\u00e4gungen, die f\u00fcr die Dienste von  <strong>WORKOUT EVENTS, S.L<\/strong>  (im Folgenden workout-ett.com &#8222;Die Website&#8220;), Stellenangebote, Gesch\u00e4ftsdienstleistungen und das Gesch\u00e4ftsmodell.<\/p>\n\n<h4 class=\"wp-block-heading\"><strong>Datenschutzbestimmungen<\/strong><\/h4>\n\n<p>Der Eigent\u00fcmer dieser Website ist <strong>WORKOUT EVENTS, S.L<\/strong>., mit N.I.F B04970687 und eingetragenem Sitz in Calle Rodr\u00edguez San Pedro N\u00ba2 (Edificio Inter), Office N\u00ba 306, 28015, Madrid<strong>.<\/strong><\/p>\n\n<p>Die Postanschrift dieses Unternehmens ist <a href=\"mailto:info@workout-events.com\" target=\"_blank\" rel=\"noreferrer noopener\">info@workout-events.com<\/a> und die Kontakttelefonnummer lautet +34 913952599.<\/p>\n\n<p><strong>\n  <strong>WORKOUT EVENTS, S.L<\/strong>\n<\/strong> sch\u00e4tzt Ihre Privatsph\u00e4re. WORKOUT EVENTS, S.L. verpflichtet sich daher, eine Datenschutzrichtlinie zu f\u00fchren, in der angegeben wird, welche Arten von Informationen WORKOUT EVENTS, S.L. sammelt und speichert, wie die Informationen gesammelt werden, wer Zugang zu den gespeicherten Informationen hat und an wen WORKOUT EVENTS, S.L. die Informationen weitergeben darf.  WORKOUT EVENTS, S.L. <a rel=\"noreferrer noopener\" href=\"https:\/\/workout-events.com\/de\/datenschutzbestimmungen\/\" data-type=\"page\" data-id=\"3\" target=\"_blank\">Datenschutzbestimmungen<\/a> f\u00fcr weitere Details.<\/p>\n\n<h4 class=\"wp-block-heading\"><strong>Nutzer- und Haftungsregelung<\/strong><\/h4>\n\n<p>Browsing, Zugriff und Nutzung der Website von  <strong>WORKOUT EVENTS, S.L<\/strong>  verleiht die Bedingung des Benutzers, mit der er akzeptiert, durch das Surfen durch die Website von  <strong>WORKOUT EVENTS, S.L<\/strong>Die Nutzung dieser Website unterliegt den hier dargelegten Nutzungsbedingungen, unbeschadet der Anwendung der entsprechenden rechtsverbindlichen Vorschriften, soweit dies der Fall ist.<\/p>\n\n<p>Die Website von <strong>WORKOUT EVENTS, S.L.<\/strong> bietet eine breite Palette von Informationen, Dienstleistungen und Daten. Der Nutzer \u00fcbernimmt die Verantwortung f\u00fcr die korrekte Nutzung der Website. Diese Verantwortung erstreckt sich auf:<\/p>\n\n<p>Die Richtigkeit und Rechtm\u00e4\u00dfigkeit der Informationen, die der Benutzer in den von WORKOUT EVENTS, S.L. f\u00fcr den Zugang zu bestimmten Inhalten oder Dienstleistungen im Internet bereitgestellten Formularen angibt.<\/p>\n\n<p>Die Nutzung der von WORKOUT EVENTS, S.L. angebotenen Informationen, Dienstleistungen und Daten, die gegen die Bestimmungen dieser Bedingungen, das Gesetz, die Moral, die guten Sitten oder die \u00f6ffentliche Ordnung verst\u00f6\u00dft oder in sonstiger Weise die Rechte Dritter oder den Betrieb der Website beeintr\u00e4chtigen k\u00f6nnte.<\/p>\n\n<h4 class=\"wp-block-heading\">Bekanntmachungen von \u00c4nderungen und Modifikationen<\/h4>\n\n<p><strong>WORKOUT EVENTS, S.L.<\/strong> kann Ihnen von Zeit zu Zeit E-Mail-Benachrichtigungen senden, die sich auf diese Bedingungen und den unten genannten Gegenstand beziehen. Diese E-Mails k\u00f6nnen Benachrichtigungen \u00fcber Nutzungs\u00e4nderungen, \u00c4nderungen dieser Bedingungen, Mitteilungen \u00fcber das Auslaufen von Besch\u00e4ftigungsangeboten, Gesch\u00e4ftsdienstleistungen, Werbeaktionen und andere E-Mails im Zusammenhang mit dem nachstehenden Portal enthalten. Sofern <strong>WORKOUT EVENTS, S.L.<\/strong> keine automatische Antwort erh\u00e4lt, dass die E-Mail unzustellbar ist, gelten diese Mitteilungen ab dem Datum, an dem sie an Sie gesendet wurden.<\/p>\n\n<p><strong>WORKOUT EVENTS, S.L<\/strong>. beh\u00e4lt sich das Recht vor, die Informationen auf der Website jederzeit mit oder ohne Vorank\u00fcndigung vor\u00fcbergehend oder endg\u00fcltig zu \u00e4ndern oder einzustellen. Dar\u00fcber hinaus k\u00f6nnen diese Bedingungen und alle Preise jederzeit ge\u00e4ndert werden. WORKOUT EVENTS, S.L. wird versuchen, Sie nach M\u00f6glichkeit mit einer Frist von vierzehn (14) Tagen \u00fcber wesentliche \u00c4nderungen, die Ihr Konto betreffen, zu informieren.<\/p>\n\n<p>In einigen F\u00e4llen, in denen ein Stellenangebot extrem veraltet ist oder WORKOUT EVENTS, S.L. nach eigenem Ermessen entscheidet, dass es kein praktikables gleichwertiges Angebot gibt, kann WORKOUT EVENTS, S.L. beschlie\u00dfen, dieses bestimmte Stellenangebot oder diese Dienstleistung f\u00fcr Unternehmen einzustellen und stattdessen neue Stellenangebote oder Veranstaltungsdienstleistungen f\u00fcr Unternehmen anzubieten.<\/p>\n\n<p><strong>WORKOUT EVENTS, S.L<\/strong>. beh\u00e4lt sich das Recht vor, ohne vorherige Ank\u00fcndigung \u00c4nderungen am Inhalt der Website vorzunehmen. Sowohl in Bezug auf den Inhalt der Website, als auch in Bezug auf die Nutzungsbedingungen derselben oder in Bezug auf die allgemeinen Vertragsbedingungen. Solche \u00c4nderungen k\u00f6nnen \u00fcber die Website mit allen rechtlich zul\u00e4ssigen Mitteln vorgenommen werden und sind so lange verbindlich, wie sie auf der Website ver\u00f6ffentlicht sind und bis sie durch sp\u00e4tere \u00c4nderungen wirksam ge\u00e4ndert werden.<\/p>\n\n<h4 class=\"wp-block-heading\"><strong>B\u00fcrgschaft<\/strong><\/h4>\n\n<p>Sowohl Sie als auch WORKOUT EVENTS, S.L. garantieren sich gegenseitig, dass: (a) die Befugnis hat, diese Bedingungen abzuschlie\u00dfen, die Rechte zu gew\u00e4hren, die ihr durch diese Bedingungen einger\u00e4umt werden, und ihre Verpflichtungen aus diesen Bedingungen zu erf\u00fcllen; und (b) alle anwendbaren Gesetze und Vorschriften einhalten, die w\u00e4hrend der Dauer der Nutzung der Website in Kraft sind, soweit sie sich auf die Rechte und Pflichten der betreffenden Partei gem\u00e4\u00df diesen Bedingungen beziehen.<\/p>\n\n<h4 class=\"wp-block-heading\"><strong>Verkn\u00fcpfung von Haftungsausschlusserkl\u00e4rungen<\/strong><\/h4>\n\n<p><strong>WORKOUT EVENTS, S.L<\/strong>  ist nicht verantwortlich f\u00fcr den Inhalt der Websites, auf die der Nutzer \u00fcber die auf ihrer Website eingerichteten Links zugreifen kann, und erkl\u00e4rt, dass sie unter keinen Umst\u00e4nden den Inhalt anderer Websites pr\u00fcft oder in irgendeiner Weise kontrolliert. Sie \u00fcbernimmt auch keine Gew\u00e4hr f\u00fcr die technische Verf\u00fcgbarkeit, Fehlerfreiheit, Genauigkeit, Richtigkeit, Aktualit\u00e4t oder Rechtm\u00e4\u00dfigkeit von Websites, die \u00fcber Links erreicht werden k\u00f6nnen und nicht in ihrem Eigentum stehen.<\/p>\n\n<p><strong>WORKOUT EVENTS, S.L<\/strong>, S.L erkl\u00e4rt, alle notwendigen Ma\u00dfnahmen ergriffen zu haben, um jegliche Sch\u00e4den zu vermeiden, die den Nutzern der Website durch die Navigation auf der Website entstehen k\u00f6nnten. Folglich ist WORKOUT EVENTS, S.L. in keinem Fall verantwortlich f\u00fcr eventuelle Sch\u00e4den, die der Benutzer durch das Surfen im Internet erleiden k\u00f6nnte.<\/p>\n\n<h4 class=\"wp-block-heading\"><strong>Dienste f\u00fcr den Verkauf von Dienstleistungen oder Produkten \u00fcber das Internet<\/strong><\/h4>\n\n<p>Bestimmte Inhalte der Website workout-events.com enthalten die M\u00f6glichkeit, Informationen f\u00fcr den Kauf von Produkten oder die Inanspruchnahme von im Internet angebotenen Dienstleistungen anzufordern. Die Nutzung dieser Website erfordert die obligatorische Lekt\u00fcre und Akzeptanz der allgemeinen Bedingungen der Website und der zu diesem Zweck von <strong>WORKOUT EVENTS, SL<\/strong> aufgestellten <a href=\"https:\/\/workout-events.com\/de\/datenschutzbestimmungen\/\" data-type=\"page\" data-id=\"3\">Datenschutzbestimmungen<\/a> <strong>.<\/strong><\/p>\n\n<h4 class=\"wp-block-heading\"><strong>SSL-Zertifikat (Secure Sockets Layer)<\/strong><\/h4>\n\n<p>Das SSL-ZERTIFIKAT gew\u00e4hrleistet die Authentifizierung, den Datenschutz und die Sicherheit der Informationen zwischen WORKOUT EVENTS, S.L. und dem Benutzer.<\/p>\n\n<p><strong>WORKOUT EVENTS, S.L.<\/strong> verf\u00fcgt \u00fcber ein Sicherheitszertifikat, das von SSL CERTIFICATE f\u00fcr sichere Verbindungen verwendet wird.<\/p>\n\n<p>Bei diesem Verfahren werden mehrere Parameter eingestellt, um die Verbindung sicher zu machen, und sie wird mit vorher festgelegten Schl\u00fcsseln aufgebaut, wobei alle gesendeten Daten ver- und entschl\u00fcsselt werden, bis die Verbindung geschlossen wird.<\/p>\n\n<h4 class=\"wp-block-heading\"><strong>Geistiges und gewerbliches Eigentum<\/strong><\/h4>\n\n<p><strong>WORKOUT EVENTS, S.L<\/strong>  WORKOUT EVENTS, S.L. besitzt selbst oder als Rechtsnachfolger alle geistigen und gewerblichen Eigentumsrechte an ihrer Website sowie an den darin enthaltenen Elementen (einschlie\u00dflich, aber nicht beschr\u00e4nkt auf Bilder, Ton, Audio, Video, Software oder Texte; Marken oder Logos, Farbkombinationen, Struktur und Design, Auswahl der verwendeten Materialien, Computerprogramme, die f\u00fcr den Betrieb, den Zugang und die Nutzung erforderlich sind, usw.). Es handelt sich daher um Werke, die durch die spanische Rechtsordnung als geistiges Eigentum gesch\u00fctzt sind, wobei sowohl die spanische als auch die gemeinschaftliche Gesetzgebung in diesem Bereich sowie die in diesem Bereich behandelten Vertr\u00e4ge gelten.), die Eigentum von WORKOUT EVENTS, S.L. sind. Es handelt sich also um Werke, die als geistiges Eigentum durch das spanische Rechtssystem gesch\u00fctzt sind, wobei sowohl die spanischen und gemeinschaftlichen Vorschriften in diesem Bereich als auch die von Spanien unterzeichneten internationalen Vertr\u00e4ge zu diesem Thema Anwendung finden.<\/p>\n\n<p>Alle Rechte vorbehalten. Gem\u00e4\u00df den Bestimmungen des Gesetzes zum Schutz des geistigen Eigentums sind die Vervielf\u00e4ltigung, die Verbreitung und die \u00f6ffentliche Wiedergabe, einschlie\u00dflich der Zug\u00e4nglichmachung, des gesamten oder eines Teils des Inhalts dieser Website zu kommerziellen Zwecken, auf jedem Medium und mit allen technischen Mitteln ohne die Genehmigung von  <strong>WORKOUT EVENTS, S.L.<\/strong><\/p>\n\n<p>Der Benutzer verpflichtet sich, die Rechte des geistigen und gewerblichen Eigentums von WORKOUT EVENTS, S.L. zu respektieren. Sie k\u00f6nnen die Elemente des Portals ansehen und sogar ausdrucken, kopieren und auf der Festplatte Ihres Computers oder einer anderen Hardware speichern, sofern dies einzig und allein f\u00fcr den pers\u00f6nlichen und privaten Gebrauch geschieht. Der Nutzer hat es zu unterlassen, Schutzvorrichtungen oder Sicherheitssysteme, die auf den Seiten von <strong>WORKOUT EVENTS, S.L.<\/strong> installiert wurden, zu l\u00f6schen, zu ver\u00e4ndern, zu umgehen oder zu manipulieren <strong>.<\/strong><\/p>\n\n<h4 class=\"wp-block-heading\"><strong>Rechtliche Schritte, anwendbares Recht und Gerichtsbarkeit<\/strong><\/h4>\n\n<p>WORKOUT EVENTS, S.L. beh\u00e4lt sich au\u00dferdem das Recht vor, zivil- oder strafrechtliche Schritte einzuleiten, die sie f\u00fcr die missbr\u00e4uchliche Nutzung ihrer Website und ihrer Inhalte oder f\u00fcr die Verletzung der vorliegenden Bedingungen f\u00fcr angemessen h\u00e4lt.<\/p>\n\n<p>Die Beziehung zwischen dem Nutzer und dem Anbieter unterliegt den geltenden und auf spanischem Gebiet anwendbaren Vorschriften. Im Falle von Streitigkeiten k\u00f6nnen die Parteien ein Schiedsverfahren einleiten oder die ordentliche Gerichtsbarkeit anrufen, wobei die Vorschriften \u00fcber die Zust\u00e4ndigkeit und die Befugnisse in diesem Bereich zu beachten sind. <strong>WORKOUT EVENTS, S.L<\/strong>. hat seinen Sitz in Madrid, Spanien.<\/p>\n","protected":false},"excerpt":{"rendered":"<p>In \u00dcbereinstimmung mit dem Gesetz 34\/2002 vom 11. Juli 2002 \u00fcber die Dienstleistungen der Informationsgesellschaft und den elektronischen Handel (LSSI-CE) teilt WORKOUT EVENTS, S.L. mit, dass sie Eigent\u00fcmerin der Website workout-events.com ist. In \u00dcbereinstimmung mit den Anforderungen des Artikels 10 des oben genannten Gesetzes informiert WORKOUT EVENTS, S.L. \u00fcber die folgenden Daten: Diese Allgemeinen Gesch\u00e4ftsbedingungen [&hellip;]<\/p>\n","protected":false},"author":13,"featured_media":0,"parent":0,"menu_order":0,"comment_status":"closed","ping_status":"closed","template":"","meta":{"_acf_changed":false,"inline_featured_image":false,"site-sidebar-layout":"default","site-content-layout":"","ast-site-content-layout":"default","site-content-style":"default","site-sidebar-style":"default","ast-global-header-display":"","ast-banner-title-visibility":"","ast-main-header-display":"","ast-hfb-above-header-display":"","ast-hfb-below-header-display":"","ast-hfb-mobile-header-display":"","site-post-title":"","ast-breadcrumbs-content":"","ast-featured-img":"","footer-sml-layout":"","ast-disable-related-posts":"","theme-transparent-header-meta":"","adv-header-id-meta":"","stick-header-meta":"","header-above-stick-meta":"","header-main-stick-meta":"","header-below-stick-meta":"","astra-migrate-meta-layouts":"set","ast-page-background-enabled":"default","ast-page-background-meta":{"desktop":{"background-color":"var(--ast-global-color-4)","background-image":"","background-repeat":"repeat","background-position":"center center","background-size":"auto","background-attachment":"scroll","background-type":"","background-media":"","overlay-type":"","overlay-color":"","overlay-opacity":"","overlay-gradient":""},"tablet":{"background-color":"","background-image":"","background-repeat":"repeat","background-position":"center center","background-size":"auto","background-attachment":"scroll","background-type":"","background-media":"","overlay-type":"","overlay-color":"","overlay-opacity":"","overlay-gradient":""},"mobile":{"background-color":"","background-image":"","background-repeat":"repeat","background-position":"center center","background-size":"auto","background-attachment":"scroll","background-type":"","background-media":"","overlay-type":"","overlay-color":"","overlay-opacity":"","overlay-gradient":""}},"ast-content-background-meta":{"desktop":{"background-color":"var(--ast-global-color-5)","background-image":"","background-repeat":"repeat","background-position":"center center","background-size":"auto","background-attachment":"scroll","background-type":"","background-media":"","overlay-type":"","overlay-color":"","overlay-opacity":"","overlay-gradient":""},"tablet":{"background-color":"var(--ast-global-color-5)","background-image":"","background-repeat":"repeat","background-position":"center center","background-size":"auto","background-attachment":"scroll","background-type":"","background-media":"","overlay-type":"","overlay-color":"","overlay-opacity":"","overlay-gradient":""},"mobile":{"background-color":"var(--ast-global-color-5)","background-image":"","background-repeat":"repeat","background-position":"center center","background-size":"auto","background-attachment":"scroll","background-type":"","background-media":"","overlay-type":"","overlay-color":"","overlay-opacity":"","overlay-gradient":""}},"footnotes":""},"class_list":["post-4940","page","type-page","status-publish","hentry"],"acf":[],"_links":{"self":[{"href":"https:\/\/workout-events.com\/de\/wp-json\/wp\/v2\/pages\/4940","targetHints":{"allow":["GET"]}}],"collection":[{"href":"https:\/\/workout-events.com\/de\/wp-json\/wp\/v2\/pages"}],"about":[{"href":"https:\/\/workout-events.com\/de\/wp-json\/wp\/v2\/types\/page"}],"author":[{"embeddable":true,"href":"https:\/\/workout-events.com\/de\/wp-json\/wp\/v2\/users\/13"}],"replies":[{"embeddable":true,"href":"https:\/\/workout-events.com\/de\/wp-json\/wp\/v2\/comments?post=4940"}],"version-history":[{"count":0,"href":"https:\/\/workout-events.com\/de\/wp-json\/wp\/v2\/pages\/4940\/revisions"}],"wp:attachment":[{"href":"https:\/\/workout-events.com\/de\/wp-json\/wp\/v2\/media?parent=4940"}],"curies":[{"name":"wp","href":"https:\/\/api.w.org\/{rel}","templated":true}]}}