{"id":4946,"date":"2022-12-13T15:47:19","date_gmt":"2022-12-13T15:47:19","guid":{"rendered":"https:\/\/workout-events.com\/cookie-richtlinie\/"},"modified":"2025-12-17T13:06:10","modified_gmt":"2025-12-17T13:06:10","slug":"cookie-richtlinie","status":"publish","type":"page","link":"https:\/\/workout-events.com\/de\/cookie-richtlinie\/","title":{"rendered":"Cookie-Richtlinie"},"content":{"rendered":"\n<p>Auf der Website <strong>\n  <a href=\"https:\/\/workout-events.com\/de\/\" data-type=\"page\" data-id=\"2\">workout-events.com<\/a>\n<\/strong> Wir verwenden Cookies, um den Besuchern die Interaktion mit unseren Inhalten zu erleichtern und um Statistiken \u00fcber die Besucher zu erstellen, die wir empfangen.<\/p>\n\n<p>In \u00dcbereinstimmung mit der Richtlinie 2009\/136\/EG, die in unserer Gesetzgebung durch den zweiten Absatz von Artikel 22 des Gesetzes \u00fcber die Dienste der Informationsgesellschaft umgesetzt wurde, und gem\u00e4\u00df den Richtlinien der spanischen Datenschutzbeh\u00f6rde informieren wir Sie im Folgenden ausf\u00fchrlich \u00fcber die Nutzung unserer Website.<\/p>\n\n<p>Cookies sind kleine Dateien, die im Browser eines jeden Besuchers unserer Website gespeichert werden, so dass der Server sich an den Besuch des Nutzers erinnern kann, wenn dieser sp\u00e4ter erneut auf unsere Inhalte zugreift. Diese Informationen geben weder Ihre Identit\u00e4t oder pers\u00f6nliche Daten preis, noch greifen sie auf die auf Ihrem Computer gespeicherten Inhalte zu. Sie erm\u00f6glichen es unserem System jedoch, Sie als einen bestimmten Benutzer zu identifizieren, der die Website schon einmal besucht hat, bestimmte Seiten aufgerufen hat usw., und sie erm\u00f6glichen es uns auch, Ihre pers\u00f6nlichen Pr\u00e4ferenzen und technische Informationen zu speichern, wie z. B. die durchgef\u00fchrten Besuche oder bestimmte Seiten, die Sie besuchen.<\/p>\n\n<p>Der Zweck von Cookies besteht darin, dem Nutzer einen schnelleren Zugang zu den ausgew\u00e4hlten Diensten zu erm\u00f6glichen.<\/p>\n\n<p><strong><em>Was sind Cookies?<\/em><\/strong><\/p>\n\n<p>Ein Cookie ist eine Datei, die auf Ihren Computer heruntergeladen wird, wenn Sie bestimmte Webseiten aufrufen. Cookies erm\u00f6glichen es einer Website unter anderem, Informationen \u00fcber die Surfgewohnheiten eines Benutzers oder Computers zu speichern und abzurufen, und je nach den enthaltenen Informationen und der Art und Weise, wie Sie Ihren Computer benutzen, k\u00f6nnen sie dazu verwendet werden, den Benutzer kennenzulernen.<\/p>\n\n<p><strong><em>Wozu verwendet diese Website Cookies und was sind sie?<\/em><\/strong><\/p>\n\n<p>Diese Website verwendet Cookies f\u00fcr eine Reihe von Zwecken, darunter:<\/p>\n\n<ul class=\"wp-block-list\">\n<li><strong>Analyse: <\/strong>Es handelt sich um Cookies, die entweder von uns oder von Dritten verarbeitet werden und die es uns erm\u00f6glichen, die Anzahl der Nutzer zu quantifizieren und somit die Nutzung des Dienstes durch die Nutzer zu messen und statistisch zu analysieren. Zu diesem Zweck wird Ihr Surfverhalten auf unserer Website analysiert, um die Benutzerfreundlichkeit zu verbessern.<\/li>\n\n\n\n<li><strong>Technische Cookies: <\/strong>Technische Cookies sind solche, die f\u00fcr das ordnungsgem\u00e4\u00dfe Funktionieren eines Webportals und die Nutzung der verschiedenen Optionen und Dienste, die es bietet, unerl\u00e4sslich und unbedingt notwendig sind. Zum Beispiel solche f\u00fcr die Sitzungspflege, die Verwaltung der Antwortzeiten, die Ausf\u00fchrung oder Validierung von Optionen, die Nutzung von Sicherheitsfunktionen, die gemeinsame Nutzung von Inhalten in sozialen Netzwerken usw.<\/li>\n<\/ul>\n\n<p>Die Einzelheiten der auf dieser Website verwendeten Cookies sind wie folgt:<\/p>\n\n<figure class=\"wp-block-table\"><table><thead><tr><th>COOKIE<\/th><th>NAME<\/th><th>TYP<\/th><th>BESCHREIBUNG<\/th><th>MEHR INFORMATIONEN<\/th><\/tr><\/thead><tbody><tr><td><strong>Google Analytics<\/strong><\/td><td><strong>_utma<\/strong> <strong>_utmb<\/strong> <strong>utmc<\/strong> <strong>_utmz<\/strong><\/td><td>Von Dritten<\/td><td>Informationen \u00fcber das Surfen der Nutzer auf der Website zu sammeln, um die Herkunft der Besuche und andere \u00e4hnliche statistische Daten zu ermitteln. Sie erh\u00e4lt keine Daten \u00fcber die Vor- oder Nachnamen der Nutzer oder die konkrete Postadresse, von der aus sie sich verbinden.<\/td><td><a href=\"https:\/\/policies.google.com\/privacy?hl=es\" rel=\"nofollow noopener\" target=\"_blank\">Google Analytics Google Datenschutzzentrum<\/a><\/td><\/tr><tr><td><strong>Z\u00e4hler der Beitragsaufrufe<\/strong><\/td><td><strong>pvc_besuche<\/strong><\/td><td>Eigene<\/td><td>Dieses Tool ist n\u00fctzlich, um die Besuche von Artikeln oder Veranstaltungseintr\u00e4gen zu z\u00e4hlen und so die Anzahl der Leser dieser Artikel zu erfahren, ohne dass zu irgendeinem Zeitpunkt pers\u00f6nliche Daten identifiziert werden.<\/td><td><a href=\"https:\/\/cookie-cat.co.uk\/cookie_category\/pvc_visits\/\" rel=\"nofollow noopener\" target=\"_blank\">Cookie-Katze WordPress Cookie-Katalog<\/a><\/td><\/tr><tr><td><strong>WordPress<\/strong><\/td><td><strong>wordpress_test_cookie<\/strong><\/td><td>Eigene<\/td><td>Dieses <em>Cookie<\/em> wird vom WordPress Content Manager verwendet, um zu pr\u00fcfen, ob Ihr Browser <em>Cookies<\/em> aktiviert hat.<\/td><td><a href=\"https:\/\/www.wordfence.com\/terms-of-use-and-privacy-policy\/\" rel=\"nofollow noopener\" target=\"_blank\">Wordfence.com Datenschutzrichtlinie<\/a><\/td><\/tr><\/tbody><\/table><\/figure>\n\n<p><strong><em>Wie kann ich Cookies deaktivieren oder l\u00f6schen?<\/em><\/strong><\/p>\n\n<p>Sie k\u00f6nnen die auf Ihrem Computer installierten Cookies zulassen, blockieren oder l\u00f6schen, indem Sie die auf Ihrem Computer installierten Browseroptionen konfigurieren.<\/p>\n\n<ul class=\"wp-block-list\">\n<li><strong>Firefox: <a href=\"https:\/\/support.mozilla.org\/es\/kb\/habilitar-y-deshabilitar-cookies-que-los-sitios-we\" rel=\"nofollow noopener\" target=\"_blank\">https:\/\/support.mozilla.org\/es\/kb\/habilitar-y-deshabilitar-cookies-que-los-sitios-web<\/a><\/strong><\/li>\n\n\n\n<li><strong>Chrom: <\/strong><a href=\"https:\/\/support.google.com\/accounts\/answer\/61416?hl=es\" rel=\"nofollow noopener\" target=\"_blank\">\n  <strong>https:\/\/support.google.com\/accounts\/answer\/61416?hl=es<\/strong>\n<\/a><\/li>\n\n\n\n<li><strong>Forscher: <\/strong><a href=\"https:\/\/windows.microsoft.com\/es-es\/windows7\/how-to-manage-cookies-in-internet-explorer-9\" rel=\"nofollow noopener\" target=\"_blank\"><strong>https:\/\/windows.microsoft.com\/es-es\/windows7\/how-to-manage-cookies-in-internet-explorer-9<\/strong><\/a><\/li>\n\n\n\n<li><strong>Andere Browser: <\/strong>konsultieren Sie die Dokumentation des von Ihnen installierten Browsers.<\/li>\n<\/ul>\n\n<p>Die vorliegende Cookie-Politik kann aufgrund gesetzlicher oder beh\u00f6rdlicher Anforderungen oder zur Anpassung an die von der spanischen Datenschutzbeh\u00f6rde herausgegebenen Anweisungen ge\u00e4ndert werden, weshalb den Nutzern empfohlen wird, sie in regelm\u00e4\u00dfigen Abst\u00e4nden zu besuchen.<\/p>\n\n<p>Wenn wesentliche \u00c4nderungen an dieser Cookie-Politik vorgenommen werden, werden sie den Benutzern entweder \u00fcber die Website oder per E-Mail an die registrierten Benutzer mitgeteilt.<\/p>\n","protected":false},"excerpt":{"rendered":"<p>Auf der Website workout-events.com Wir verwenden Cookies, um den Besuchern die Interaktion mit unseren Inhalten zu erleichtern und um Statistiken \u00fcber die Besucher zu erstellen, die wir empfangen. In \u00dcbereinstimmung mit der Richtlinie 2009\/136\/EG, die in unserer Gesetzgebung durch den zweiten Absatz von Artikel 22 des Gesetzes \u00fcber die Dienste der Informationsgesellschaft umgesetzt wurde, und [&hellip;]<\/p>\n","protected":false},"author":13,"featured_media":0,"parent":0,"menu_order":0,"comment_status":"closed","ping_status":"closed","template":"","meta":{"_acf_changed":false,"inline_featured_image":false,"site-sidebar-layout":"default","site-content-layout":"","ast-site-content-layout":"default","site-content-style":"default","site-sidebar-style":"default","ast-global-header-display":"","ast-banner-title-visibility":"","ast-main-header-display":"","ast-hfb-above-header-display":"","ast-hfb-below-header-display":"","ast-hfb-mobile-header-display":"","site-post-title":"","ast-breadcrumbs-content":"","ast-featured-img":"","footer-sml-layout":"","ast-disable-related-posts":"","theme-transparent-header-meta":"","adv-header-id-meta":"","stick-header-meta":"","header-above-stick-meta":"","header-main-stick-meta":"","header-below-stick-meta":"","astra-migrate-meta-layouts":"default","ast-page-background-enabled":"default","ast-page-background-meta":{"desktop":{"background-color":"var(--ast-global-color-4)","background-image":"","background-repeat":"repeat","background-position":"center center","background-size":"auto","background-attachment":"scroll","background-type":"","background-media":"","overlay-type":"","overlay-color":"","overlay-opacity":"","overlay-gradient":""},"tablet":{"background-color":"","background-image":"","background-repeat":"repeat","background-position":"center center","background-size":"auto","background-attachment":"scroll","background-type":"","background-media":"","overlay-type":"","overlay-color":"","overlay-opacity":"","overlay-gradient":""},"mobile":{"background-color":"","background-image":"","background-repeat":"repeat","background-position":"center center","background-size":"auto","background-attachment":"scroll","background-type":"","background-media":"","overlay-type":"","overlay-color":"","overlay-opacity":"","overlay-gradient":""}},"ast-content-background-meta":{"desktop":{"background-color":"var(--ast-global-color-5)","background-image":"","background-repeat":"repeat","background-position":"center center","background-size":"auto","background-attachment":"scroll","background-type":"","background-media":"","overlay-type":"","overlay-color":"","overlay-opacity":"","overlay-gradient":""},"tablet":{"background-color":"var(--ast-global-color-5)","background-image":"","background-repeat":"repeat","background-position":"center center","background-size":"auto","background-attachment":"scroll","background-type":"","background-media":"","overlay-type":"","overlay-color":"","overlay-opacity":"","overlay-gradient":""},"mobile":{"background-color":"var(--ast-global-color-5)","background-image":"","background-repeat":"repeat","background-position":"center center","background-size":"auto","background-attachment":"scroll","background-type":"","background-media":"","overlay-type":"","overlay-color":"","overlay-opacity":"","overlay-gradient":""}},"footnotes":""},"class_list":["post-4946","page","type-page","status-publish","hentry"],"acf":[],"_links":{"self":[{"href":"https:\/\/workout-events.com\/de\/wp-json\/wp\/v2\/pages\/4946","targetHints":{"allow":["GET"]}}],"collection":[{"href":"https:\/\/workout-events.com\/de\/wp-json\/wp\/v2\/pages"}],"about":[{"href":"https:\/\/workout-events.com\/de\/wp-json\/wp\/v2\/types\/page"}],"author":[{"embeddable":true,"href":"https:\/\/workout-events.com\/de\/wp-json\/wp\/v2\/users\/13"}],"replies":[{"embeddable":true,"href":"https:\/\/workout-events.com\/de\/wp-json\/wp\/v2\/comments?post=4946"}],"version-history":[{"count":0,"href":"https:\/\/workout-events.com\/de\/wp-json\/wp\/v2\/pages\/4946\/revisions"}],"wp:attachment":[{"href":"https:\/\/workout-events.com\/de\/wp-json\/wp\/v2\/media?parent=4946"}],"curies":[{"name":"wp","href":"https:\/\/api.w.org\/{rel}","templated":true}]}}